{"id":2,"date":"2024-01-29T15:54:28","date_gmt":"2024-01-29T14:54:28","guid":{"rendered":"http:\/\/mlsecretariat.com\/?page_id=2"},"modified":"2024-01-30T15:59:59","modified_gmt":"2024-01-30T14:59:59","slug":"page-d-exemple","status":"publish","type":"page","link":"https:\/\/mlsecretariat.com\/index.php\/page-d-exemple\/","title":{"rendered":"Qui suis-je ?"},"content":{"rendered":"\n<blockquote class=\"wp-block-quote is-layout-flow wp-block-quote-is-layout-flow\">\n<p><strong>Bonjour \u00e0 tous et bienvenue, je me pr\u00e9sente Maud, assistante administrative ind\u00e9pendante !<\/strong> <\/p>\n\n\n\n<p>Apr\u00e8s plus d&#8217;une dizaine d&#8217;ann\u00e9es d&#8217;exp\u00e9rience en comptabilit\u00e9 en cabinet d&#8217;expertise comptable et en entreprise, j&#8217;ai d\u00e9cid\u00e9 depuis Septembre 2022, de me lancer en tant qu&#8217;<strong>Assistante Administrative Ind\u00e9pendante<\/strong> afin de<strong> venir en aide aux entreprises dans leur gestion quotidienne mais \u00e9galement aux particuliers pour tous types de travaux<\/strong>.<\/p>\n<\/blockquote>\n\n\n\n<p>Dipl\u00f4m\u00e9e d&#8217;un Bac Scientifique, je me suis orient\u00e9e vers la comptabilit\u00e9. J&#8217;ai ainsi pr\u00e9par\u00e9 le Dipl\u00f4me de Comptabilit\u00e9 et Gestion (DCG) puis le Dipl\u00f4me Sup\u00e9rieur de Comptabilit\u00e9 et Gestion (DSCG) me permettant ainsi d&#8217;obtenir un dipl\u00f4me de niveau Bac +5 dans le domaine financier. <\/p>\n\n\n\n<p>A ce titre, j&#8217;ai pu r\u00e9aliser de nombreux stages dans divers cabinets d&#8217;expertise comptable de la Loire (42), me permettant ainsi de toucher \u00e0 de nombreux outils et notamment \u00e0 divers logiciels de comptabilit\u00e9. <\/p>\n\n\n\n<p>A l&#8217;issue de mon cursus scolaire, j&#8217;ai ensuite d\u00e9but\u00e9 ma carri\u00e8re en cabinet d&#8217;expertise comptable. Cela m&#8217;a permis de me parfaire \u00e0 la saisie et \u00e0 la tenue de dossiers comptables, et de me confronter \u00e0 diverses activit\u00e9s (commer\u00e7ants, artisans, professions lib\u00e9rales, associations, etc.). J&#8217;ai ensuite \u00e9volu\u00e9 sur un poste de collaboratrice comptable et donc d\u00e9velopper mes connaissances en mati\u00e8res comptables et fiscales. Par la suite, je me suis orient\u00e9e vers un poste en entreprise. Tout d&#8217;abord dans l&#8217;industrie du mobilier m\u00e9dical en tant que comptable g\u00e9n\u00e9rale puis ensuite dans le milieu du b\u00e2timent en tant qu&#8217;assistante de direction\/secr\u00e9taire comptable. Depuis, je partage mon temps entre mon activit\u00e9 ind\u00e9pendante et mon activit\u00e9 salari\u00e9e. <\/p>\n\n\n\n<p>Ainsi, je reste \u00e0 votre disposition pour tous vos travaux, n&#8217;h\u00e9sitez pas \u00e0 me contacter ! <\/p>\n","protected":false},"excerpt":{"rendered":"<p>Bonjour \u00e0 tous et bienvenue, je me pr\u00e9sente Maud, assistante administrative ind\u00e9pendante ! Apr\u00e8s plus d&#8217;une dizaine d&#8217;ann\u00e9es d&#8217;exp\u00e9rience en comptabilit\u00e9 en cabinet d&#8217;expertise comptable et en entreprise, j&#8217;ai d\u00e9cid\u00e9 depuis Septembre 2022, de me lancer en tant qu&#8217;Assistante Administrative Ind\u00e9pendante afin de venir en aide aux entreprises dans leur gestion quotidienne mais \u00e9galement aux [&hellip;]<\/p>\n","protected":false},"author":1,"featured_media":0,"parent":0,"menu_order":2,"comment_status":"closed","ping_status":"open","template":"","meta":{"footnotes":""},"class_list":["post-2","page","type-page","status-publish","hentry"],"jetpack_sharing_enabled":true,"_links":{"self":[{"href":"https:\/\/mlsecretariat.com\/index.php\/wp-json\/wp\/v2\/pages\/2","targetHints":{"allow":["GET"]}}],"collection":[{"href":"https:\/\/mlsecretariat.com\/index.php\/wp-json\/wp\/v2\/pages"}],"about":[{"href":"https:\/\/mlsecretariat.com\/index.php\/wp-json\/wp\/v2\/types\/page"}],"author":[{"embeddable":true,"href":"https:\/\/mlsecretariat.com\/index.php\/wp-json\/wp\/v2\/users\/1"}],"replies":[{"embeddable":true,"href":"https:\/\/mlsecretariat.com\/index.php\/wp-json\/wp\/v2\/comments?post=2"}],"version-history":[{"count":5,"href":"https:\/\/mlsecretariat.com\/index.php\/wp-json\/wp\/v2\/pages\/2\/revisions"}],"predecessor-version":[{"id":45,"href":"https:\/\/mlsecretariat.com\/index.php\/wp-json\/wp\/v2\/pages\/2\/revisions\/45"}],"wp:attachment":[{"href":"https:\/\/mlsecretariat.com\/index.php\/wp-json\/wp\/v2\/media?parent=2"}],"curies":[{"name":"wp","href":"https:\/\/api.w.org\/{rel}","templated":true}]}}