{"id":23,"date":"2024-01-30T12:44:59","date_gmt":"2024-01-30T11:44:59","guid":{"rendered":"https:\/\/mlsecretariat.com\/?page_id=23"},"modified":"2024-02-14T11:11:42","modified_gmt":"2024-02-14T10:11:42","slug":"mes-services","status":"publish","type":"page","link":"https:\/\/mlsecretariat.com\/index.php\/mes-services\/","title":{"rendered":"Mes services"},"content":{"rendered":"\n<p>Je vous propose d&#8217;all\u00e9ger votre quotidien, et de vous concentrer sur votre c\u0153ur de m\u00e9tier ou votre vie de famille, et de me d\u00e9l\u00e9guer vos t\u00e2ches administratives que vous soyez un professionnel, un artisan, une profession lib\u00e9rale, un auto-entrepreneur, ou un particulier &#8230;<\/p>\n\n\n\n<p>Je vous propose de vous accompagner dans vos d\u00e9marches administratives en respectant les d\u00e9lais convenus et en toute confiance. <\/p>\n\n\n\n<p>Je vous propose donc les missions suivantes (liste non exhaustive) : <\/p>\n\n\n\n<ul class=\"wp-block-list\">\n<li>Elaboration de vos devis et factures<\/li>\n\n\n\n<li>Suivi clients &amp; Relance des impay\u00e9s<\/li>\n\n\n\n<li>Mise \u00e0 jour de la base de donn\u00e9es clients et articles de votre logiciel<\/li>\n\n\n\n<li>Pr\u00e9-comptabilit\u00e9 \u00e0 destination de votre cabinet d&#8217;expertise comptable<\/li>\n\n\n\n<li>Pr\u00e9paration des variables de paie <\/li>\n\n\n\n<li>Gestion de vos mails<\/li>\n\n\n\n<li>Saisie, mise en page ou relecture de vos documents administratifs, courriers, comptes-rendus, th\u00e8se, etc.<\/li>\n\n\n\n<li>Aide \u00e0 la r\u00e9daction et \u00e0 la mise en page de votre CV\/Lettre de motivation<\/li>\n\n\n\n<li>Aide \u00e0 la r\u00e9alisation de vos dossiers administratifs (subventions, dossiers ma prime r\u00e9nov, etc.)<\/li>\n\n\n\n<li>Aide \u00e0 la r\u00e9alisation de votre d\u00e9claration d&#8217;imp\u00f4t sur les revenus<\/li>\n\n\n\n<li>Classement, archivage des donn\u00e9es\/dossiers<\/li>\n\n\n\n<li>Etc. <\/li>\n<\/ul>\n\n\n\n<p class=\"has-medium-font-size\"><strong>Je m&#8217;adapte \u00e0 vos besoins. Nous cr\u00e9ons ensemble votre mission sur-mesure.<\/strong><\/p>\n\n\n\n<p class=\"has-medium-font-size\"><strong>La confiance, la rigueur et la discr\u00e9tion sont les ma\u00eetres mots d&#8217;une bonne relation.<\/strong><\/p>\n\n\n\n<figure class=\"wp-block-image size-large\"><img loading=\"lazy\" decoding=\"async\" width=\"724\" height=\"1024\" src=\"http:\/\/mlsecretariat.com\/wp-content\/uploads\/2024\/02\/Copie-de-Besoin-1-724x1024.png\" alt=\"\" class=\"wp-image-90\" srcset=\"https:\/\/mlsecretariat.com\/wp-content\/uploads\/2024\/02\/Copie-de-Besoin-1-724x1024.png 724w, https:\/\/mlsecretariat.com\/wp-content\/uploads\/2024\/02\/Copie-de-Besoin-1-212x300.png 212w, https:\/\/mlsecretariat.com\/wp-content\/uploads\/2024\/02\/Copie-de-Besoin-1-768x1086.png 768w, https:\/\/mlsecretariat.com\/wp-content\/uploads\/2024\/02\/Copie-de-Besoin-1-1086x1536.png 1086w, https:\/\/mlsecretariat.com\/wp-content\/uploads\/2024\/02\/Copie-de-Besoin-1-1200x1697.png 1200w, https:\/\/mlsecretariat.com\/wp-content\/uploads\/2024\/02\/Copie-de-Besoin-1.png 1414w\" sizes=\"auto, (max-width: 724px) 100vw, 724px\" \/><\/figure>\n","protected":false},"excerpt":{"rendered":"<p>Je vous propose d&#8217;all\u00e9ger votre quotidien, et de vous concentrer sur votre c\u0153ur de m\u00e9tier ou votre vie de famille, et de me d\u00e9l\u00e9guer vos t\u00e2ches administratives que vous soyez un professionnel, un artisan, une profession lib\u00e9rale, un auto-entrepreneur, ou un particulier &#8230; Je vous propose de vous accompagner dans vos d\u00e9marches administratives en respectant [&hellip;]<\/p>\n","protected":false},"author":1,"featured_media":0,"parent":0,"menu_order":1,"comment_status":"closed","ping_status":"closed","template":"","meta":{"footnotes":""},"class_list":["post-23","page","type-page","status-publish","hentry"],"jetpack_sharing_enabled":true,"_links":{"self":[{"href":"https:\/\/mlsecretariat.com\/index.php\/wp-json\/wp\/v2\/pages\/23","targetHints":{"allow":["GET"]}}],"collection":[{"href":"https:\/\/mlsecretariat.com\/index.php\/wp-json\/wp\/v2\/pages"}],"about":[{"href":"https:\/\/mlsecretariat.com\/index.php\/wp-json\/wp\/v2\/types\/page"}],"author":[{"embeddable":true,"href":"https:\/\/mlsecretariat.com\/index.php\/wp-json\/wp\/v2\/users\/1"}],"replies":[{"embeddable":true,"href":"https:\/\/mlsecretariat.com\/index.php\/wp-json\/wp\/v2\/comments?post=23"}],"version-history":[{"count":2,"href":"https:\/\/mlsecretariat.com\/index.php\/wp-json\/wp\/v2\/pages\/23\/revisions"}],"predecessor-version":[{"id":92,"href":"https:\/\/mlsecretariat.com\/index.php\/wp-json\/wp\/v2\/pages\/23\/revisions\/92"}],"wp:attachment":[{"href":"https:\/\/mlsecretariat.com\/index.php\/wp-json\/wp\/v2\/media?parent=23"}],"curies":[{"name":"wp","href":"https:\/\/api.w.org\/{rel}","templated":true}]}}